{"id":101,"date":"2026-03-17T10:11:23","date_gmt":"2026-03-17T10:11:23","guid":{"rendered":"https:\/\/www.hirsimaja.fi\/?page_id=101"},"modified":"2026-04-08T19:06:27","modified_gmt":"2026-04-08T19:06:27","slug":"juhlat","status":"publish","type":"page","link":"https:\/\/www.hirsimaja.fi\/index.php\/juhlat\/","title":{"rendered":"Hinnasto"},"content":{"rendered":"\n<p style=\"font-style:normal;font-weight:800\">ARKISIN (MA-TO)<\/p>\n\n\n\n<ul class=\"wp-block-list\">\n<li style=\"text-transform:none\">Grillikota 60\u20ac (sis. polttopuut)<\/li>\n\n\n\n<li>Grillikota, sauna ja yl\u00e4kerta 80\u20ac (sis. polttopuut, 3h)<\/li>\n\n\n\n<li>Koko kiinteist\u00f6 200\u20ac (sis. kota ja sis\u00e4tilat, 8h) <\/li>\n<\/ul>\n\n\n\n<p style=\"font-style:normal;font-weight:800\">VIIKONLOPPUISIN (PE-SU)<\/p>\n\n\n\n<ul class=\"wp-block-list\">\n<li>Perjantai 14.00 &#8211; Lauantai 13.00 400\u20ac  <\/li>\n\n\n\n<li>Lauantai 14.00 &#8211; Sunnuntai 13.00 400\u20ac <\/li>\n\n\n\n<li>Perjantai &#8211; Sunnuntai 650\u20ac (hinta ei sis\u00e4ll\u00e4 loppusiivousta)<br>Perjantai &#8211; Sunnuntai varauksiin 5h lis\u00e4aika 100\u20ac <\/li>\n<\/ul>\n\n\n\n<p><\/p>\n\n\n\n<p style=\"font-style:normal;font-weight:700\">LIS\u00c4PALVELUT<\/p>\n\n\n\n<ul class=\"wp-block-list\">\n<li>Loppusiivous 125\u20ac <br>Loppusiivous pit\u00e4\u00e4 sis\u00e4ll\u00e4\u00e4n lattioiden pyyhinn\u00e4n, wc-tilojen siivouksen, jne.<\/li>\n<\/ul>\n\n\n\n<p><\/p>\n\n\n\n<p>Varauksen vahvistamiseksi veloitamme varausmaksusta 25% etuk\u00e4teen, joka v\u00e4hennet\u00e4\u00e4n  vuokran lopullisesta summasta. <\/p>\n\n\n\n<\/p> <!-- this p tag fixes a IE bug -->\n<link rel=\"stylesheet\" type=\"text\/css\" href=\"https:\/\/www.hirsimaja.fi\/wp-content\/plugins\/appointment-booking-calendar\/inc\/..\/TDE_AppCalendar\/friendly\/all-css.css\" \/>\n<script>\nvar pathCalendar = \"\";\nvar cpabc_global_date_format = '1';\nvar cpabc_global_military_time = '1';\nvar cpabc_global_start_weekday = '1';\nvar cpabc_global_mindate = '';\nvar cpabc_global_maxdate = '';\nvar cpabc_global_close_on_select = false;\nvar cpabc_global_cancel_text = 'Peruuta';\nvar cpabc_global_pagedate = '5\/2026';\n<\/script>\n<script type=\"text\/javascript\">\n var cpabc_current_calendar_item;\n var cpabc_current_calendar_initialized = false;\n function apc_clear_date()\n {\n    document.getElementById(\"selDaycal\"+cpabc_current_calendar_item ).value = \"\";\n    cpabc_updateItem();\n }\n function cpabc_updateItem()\n {\n    document.getElementById(\"calarea_\"+cpabc_current_calendar_item).style.display = \"none\";\n    var i = document.FormEdit.cpabc_item.options.selectedIndex;\n    var selecteditem = document.FormEdit.cpabc_item.options[i].value;\n    cpabc_do_init(selecteditem);\n }\n function cpabc_do_init(id)\n {\n    try {\n        cpabc_current_calendar_item = id;\n        document.getElementById(\"calarea_\"+cpabc_current_calendar_item).style.display = \"\";\n        initAppCalendar(\"cal\"+cpabc_current_calendar_item,1,2,\"FI\",{m1:\"Valitse varattu aika.\"});        cpabc_current_calendar_initialized = true;\n    } catch (e) {}    \n }\n function updatedate()\n {\n    if (document.getElementById(\"selDaycal\"+cpabc_current_calendar_item ).value != '')\n    {\n        var timead = \"\";\n        var hour = document.getElementById(\"selHourcal\"+cpabc_current_calendar_item ).value;\n        if (cpabc_global_military_time == '0')\n        {\n            if (parseInt(hour) > 12)\n            {\n                timead = \" pm\";\n                hour = parseInt(hour)-12;\n            }\n            else\n                timead = \" am\";\n        }\n        var minute = document.getElementById(\"selMinutecal\"+cpabc_current_calendar_item ).value;\n        if (minute.length == 1)\n            minute = \"0\"+minute;\n        minute = hour + \":\" + minute + timead;\n    }\n }\n <\/script>\n<style>\r\n\/* Core Overlay (dims the background) *\/\r\n.ui-widget-overlay {\r\n    position: fixed;\r\n    top: 0;\r\n    left: 0;\r\n    width: 100%;\r\n    height: 100%;\r\n    background: rgba(0, 0, 0, 0.5);\r\n    z-index: 100;\r\n}\r\n\r\n\/* Main Dialog Container *\/\r\n.ui-dialog {\r\n    position: absolute;\r\n    top: 0;\r\n    left: 0;\r\n    padding: .2em;\r\n    outline: 0;\r\n    background: #fff;\r\n    border: 1px solid #ddd;\r\n    box-shadow: 0 4px 15px rgba(0,0,0,0.2);\r\n    z-index: 101;\r\n}\r\n\r\n\/* Dialog Header *\/\r\n.ui-dialog-titlebar {\r\n    padding: .4em 1em;\r\n    position: relative;\r\n    border-bottom: 1px solid #eee;\r\n    background: #f9f9f9;\r\n    font-weight: bold;\r\n}\r\n\r\n\/* Close Button Position *\/\r\n.ui-dialog-titlebar-close {\r\n    position: absolute;\r\n    right: .3em;\r\n    top: 50%;\r\n    width: 20px;\r\n    margin: -10px 0 0 0;\r\n    padding: 1px;\r\n    height: 20px;\r\n    cursor: pointer;\r\n}\r\n\r\n\/* Content Area *\/\r\n.ui-dialog-content {\r\n    position: relative;\r\n    border: 0;\r\n    padding: .5em 1em;\r\n    background: none;\r\n    overflow: auto;\r\n}\r\n\r\n\/* Button Pane at bottom *\/\r\n.ui-dialog-buttonpane {\r\n    text-align: left;\r\n    border-width: 1px 0 0 0;\r\n    background-image: none;\r\n    margin-top: .5em;\r\n    padding: .3em 1em .5em .4em;\r\n    border-top: 1px solid #eee;\r\n}\r\n<\/style>\r\n<form class=\"cpp_form no-prefetch\" id=\"cp_abcform_pform\" name=\"FormEdit\" action=\"\/index.php\/juhlat\/?abcnocache=163323\" method=\"post\" onsubmit=\"return doValidate(this);\">\r\n<input name=\"_wpnonce\" type=\"hidden\" value=\"06bd18b5fd\" \/>\r\n<input name=\"cpabc_appointments_post\" type=\"hidden\" value=\"1\" \/><input name=\"cpabc_appointments_utime\" type=\"hidden\"  value=\"\" \/>\r\n<div style=\"display:none\">\r\n  Kalenteri<br \/>\r\n  <select name=\"cpabc_item\" id=\"cpabc_item\" onchange=\"cpabc_updateItem()\"><option value=1>Calendar Item 1<\/option><\/select><br \/><br \/>\r\n<\/div>\r\n<div class=\"abc_selectdate fields\">Valitse p\u00e4iv\u00e4m\u00e4\u00e4r\u00e4 ja kellonaika:<\/div><div id=\"calarea_1\" style=\"display:none\"><input name=\"selDaycal1\" type=\"hidden\" id=\"selDaycal1\" \/><input name=\"selMonthcal1\" type=\"hidden\" id=\"selMonthcal1\" \/><input name=\"selYearcal1\" type=\"hidden\" id=\"selYearcal1\" \/><input name=\"selHourcal1\" type=\"hidden\" id=\"selHourcal1\" \/><input name=\"selMinutecal1\" type=\"hidden\" id=\"selMinutecal1\" \/><div class=\"appContainer\"><div style=\"z-index:1000;\" class=\"appContainer2\"><div id=\"cal1Container\"><\/div><\/div><\/div> <div style=\"clear:both;\"><\/div><div id=\"listcal1\" class=\"listcal\"><\/div><\/div><div style=\"clear:both;\"><\/div>\r\nPuhelinnumerosi:<br \/>\r\n<input type=\"text\" name=\"phone\" required=\"required\" value=\"\"><br \/>\r\nNimesi:<br \/>\r\n<input type=\"text\" name=\"name\" required=\"required\" value=\"\"><br \/>\r\nS\u00e4hk\u00f6postisi:<br \/>\r\n<input type=\"email\" name=\"email\" required=\"required\" value=\"\"><br \/>\r\nKommentit \/ kysymykset:<br \/>\r\n<textarea name=\"question\" style=\"width:100%\"><\/textarea><br \/>\r\n  Anna turvakoodi:<br \/>\r\n  <img decoding=\"async\" src=\"\/?cpabc_app=captcha&amp;inAdmin=1\"  id=\"captchaimg\" alt=\"security code\" border=\"0\" class=\"skip-lazy\"  \/>\r\n  <br \/>\r\n  Turvakoodi (pienet kirjaimet):<br \/>\r\n  <div class=\"dfield\">\r\n  <input type=\"text\" size=\"20\" name=\"hdcaptcha\" required=\"required\" id=\"hdcaptcha\" value=\"\" \/>\r\n  <div class=\"error message\" id=\"hdcaptcha_error\" generated=\"true\" style=\"display:none;position: absolute; left: 0px; top: 25px;\"><\/div>\r\n  <\/div>\r\n  <br \/>\r\n<input type=\"submit\" name=\"subbtn\" class=\"cp_subbtn pbSubmit\" value=\"Jatka\">\r\n<div id=\"wrongcaptcha-modal\" title=\"Alert\" style=\"display:none;\">\r\n  <p>Incorrect captcha code. Please try again.<\/p>\r\n<\/div>\r\n<\/form>\r\n\r\n\r\n<script type=\"text\/javascript\">\n var cpabc_click_enabled = true;  \n var cpabc_max_slots = 1;\n var cpabc_max_slots_text = 'Valitse enint\u00e4\u00e4n% 1 aikav\u00e4li\u00e4. Valittu:% 2 aikav\u00e4li\u00e4.';\n cpabc_max_slots_text = cpabc_max_slots_text.replace('%1',cpabc_max_slots);\n cpabc_max_slots_text = cpabc_max_slots_text.replace('%2',cpabc_max_slots);\n cpabc_current_calendar_item = 1;\n cpabc_do_init(cpabc_current_calendar_item);\n setInterval('updatedate()',200);\n function doValidate(form)\n {\n    if (!cpabc_click_enabled) return false;\n    var visitortime = new Date();\n    form.cpabc_appointments_utime.value = \"GMT \" + -visitortime.getTimezoneOffset()\/60;\n    if (form.phone.value == '')\n    {\n        alert('Anna kelvollinen puhelinnumero.');\n        return false;\n    }\n    if (form.email.value == '')\n    {\n        alert('Kirjoita voimassa oleva s\u00e4hk\u00f6postiosoite.');\n        return false;\n    }\n    if (form.name.value == '')\n    {\n        alert('Ole hyv\u00e4 ja kirjoita nimesi.');\n        return false;\n    }\n    var selst = \"\"+document.getElementById(\"selDaycal\"+cpabc_current_calendar_item).value;    \n    if (selst == '')\n    {\n        alert('Valitse p\u00e4iv\u00e4m\u00e4\u00e4r\u00e4 ja kellonaika.');\n        return false;\n    }\n    selst = selst.match(\/;\/g);selst = selst.length;\n    if (selst < 1)\n    {\n        var almsg = 'Valitse v\u00e4hint\u00e4\u00e4n% 1 aikav\u00e4li\u00e4. Valittu:% 2 aikav\u00e4li\u00e4.';\n        almsg = almsg.replace('%1','1');\n        almsg = almsg.replace('%2',selst);\n        alert(almsg);\n        return false;\n    }\n    if (selst > 1)\n    {\n        var almsg = 'Valitse enint\u00e4\u00e4n% 1 aikav\u00e4li\u00e4. Valittu:% 2 aikav\u00e4li\u00e4.';\n        almsg = almsg.replace('%1','1');\n        almsg = almsg.replace('%2',selst);\n        alert(almsg);\n        return false;\n    } \n     if (form.hdcaptcha.value == '')\n    {\n        alert('Kirjoita captcha vahvistuskoodi.');\n        return false;\n    }\n    $dexQuery = jQuery.noConflict();\n    var result = $dexQuery.ajax({\n        type: \"GET\",\n        url: \"?inAdmin=1\"+String.fromCharCode(38)+\"abcc=1\"+String.fromCharCode(38)+\"hdcaptcha=\"+form.hdcaptcha.value,\n        async: false\n    }).responseText;\n    if (result.indexOf(\"captchafailed\") != -1)\n    {\n        $dexQuery(\"#captchaimg\").attr('src', $dexQuery(\"#captchaimg\").attr('src')+String.fromCharCode(38)+Math.floor((Math.random() * 99999) + 1));\n        cpabc_click_enabled = true;\n        alert('Incorrect captcha code. Please try again.');        \n        return false;\n    }\n    else     {\n        cpabc_click_enabled = false;\n        cpabc_blink(\".cp_subbtn\");\n        return true;\n    }\n }\n function cpabc_blink(selector){\n     try \n     {\n         $dexQuery = jQuery.noConflict();\n         $dexQuery(selector).fadeOut(1000, function(){\n             $dexQuery(this).fadeIn(1000, function(){\n                 if (!cpabc_click_enabled)\n                     cpabc_blink(this); \n             });\n         });\n     } catch (e) {}\n }\n<\/script>    \n    \n","protected":false},"excerpt":{"rendered":"<p>ARKISIN (MA-TO) VIIKONLOPPUISIN (PE-SU) LIS\u00c4PALVELUT Varauksen vahvistamiseksi veloitamme varausmaksusta 25% etuk\u00e4teen, joka v\u00e4hennet\u00e4\u00e4n vuokran lopullisesta summasta.<\/p>\n","protected":false},"author":1,"featured_media":199,"parent":0,"menu_order":2,"comment_status":"closed","ping_status":"closed","template":"","meta":{"footnotes":"[]"},"class_list":["post-101","page","type-page","status-publish","has-post-thumbnail","hentry"],"_links":{"self":[{"href":"https:\/\/www.hirsimaja.fi\/index.php\/wp-json\/wp\/v2\/pages\/101","targetHints":{"allow":["GET"]}}],"collection":[{"href":"https:\/\/www.hirsimaja.fi\/index.php\/wp-json\/wp\/v2\/pages"}],"about":[{"href":"https:\/\/www.hirsimaja.fi\/index.php\/wp-json\/wp\/v2\/types\/page"}],"author":[{"embeddable":true,"href":"https:\/\/www.hirsimaja.fi\/index.php\/wp-json\/wp\/v2\/users\/1"}],"replies":[{"embeddable":true,"href":"https:\/\/www.hirsimaja.fi\/index.php\/wp-json\/wp\/v2\/comments?post=101"}],"version-history":[{"count":7,"href":"https:\/\/www.hirsimaja.fi\/index.php\/wp-json\/wp\/v2\/pages\/101\/revisions"}],"predecessor-version":[{"id":225,"href":"https:\/\/www.hirsimaja.fi\/index.php\/wp-json\/wp\/v2\/pages\/101\/revisions\/225"}],"wp:featuredmedia":[{"embeddable":true,"href":"https:\/\/www.hirsimaja.fi\/index.php\/wp-json\/wp\/v2\/media\/199"}],"wp:attachment":[{"href":"https:\/\/www.hirsimaja.fi\/index.php\/wp-json\/wp\/v2\/media?parent=101"}],"curies":[{"name":"wp","href":"https:\/\/api.w.org\/{rel}","templated":true}]}}