{"id":140,"date":"2026-03-17T10:53:26","date_gmt":"2026-03-17T10:53:26","guid":{"rendered":"https:\/\/www.hirsimaja.fi\/?page_id=140"},"modified":"2026-03-21T15:29:56","modified_gmt":"2026-03-21T15:29:56","slug":"tervetuloa","status":"publish","type":"page","link":"https:\/\/www.hirsimaja.fi\/","title":{"rendered":"Tervetuloa!"},"content":{"rendered":"\n<p>HYVEL\u00c4N HIRSIMAJA<\/p>\n\n\n\n<p>Hyvel\u00e4n Hirsimaja vuokralle kokouksista perhejuhliin.<\/p>\n\n\n\n<p>Hyvel\u00e4n Majan tunnelmallinen hirsirakennus tarjoaa yrityksenne k\u00e4ytt\u00f6\u00f6n kokous- ja juhlatiloja vain kivenheiton p\u00e4\u00e4ss\u00e4 Porin keskustasta. Rauhallisessa ja mets\u00e4isess\u00e4 ymp\u00e4rist\u00f6ss\u00e4 j\u00e4rjestyy onnistuneet ja l\u00e4mminhenkiset tilaisuudet 10 \u2013 100 hengen tiloissamme niin arkena kuin viikonloppunakin, omassa rauhassa.<\/p>\n","protected":false},"excerpt":{"rendered":"<p>HYVEL\u00c4N HIRSIMAJA Hyvel\u00e4n Hirsimaja vuokralle kokouksista perhejuhliin. Hyvel\u00e4n Majan tunnelmallinen hirsirakennus tarjoaa yrityksenne k\u00e4ytt\u00f6\u00f6n kokous- ja juhlatiloja vain kivenheiton p\u00e4\u00e4ss\u00e4 Porin keskustasta. Rauhallisessa ja mets\u00e4isess\u00e4 ymp\u00e4rist\u00f6ss\u00e4 j\u00e4rjestyy onnistuneet ja l\u00e4mminhenkiset tilaisuudet 10 \u2013 100 hengen tiloissamme niin arkena kuin viikonloppunakin, omassa rauhassa.<\/p>\n","protected":false},"author":1,"featured_media":195,"parent":0,"menu_order":0,"comment_status":"closed","ping_status":"closed","template":"","meta":{"footnotes":""},"class_list":["post-140","page","type-page","status-publish","has-post-thumbnail","hentry"],"_links":{"self":[{"href":"https:\/\/www.hirsimaja.fi\/index.php\/wp-json\/wp\/v2\/pages\/140","targetHints":{"allow":["GET"]}}],"collection":[{"href":"https:\/\/www.hirsimaja.fi\/index.php\/wp-json\/wp\/v2\/pages"}],"about":[{"href":"https:\/\/www.hirsimaja.fi\/index.php\/wp-json\/wp\/v2\/types\/page"}],"author":[{"embeddable":true,"href":"https:\/\/www.hirsimaja.fi\/index.php\/wp-json\/wp\/v2\/users\/1"}],"replies":[{"embeddable":true,"href":"https:\/\/www.hirsimaja.fi\/index.php\/wp-json\/wp\/v2\/comments?post=140"}],"version-history":[{"count":2,"href":"https:\/\/www.hirsimaja.fi\/index.php\/wp-json\/wp\/v2\/pages\/140\/revisions"}],"predecessor-version":[{"id":205,"href":"https:\/\/www.hirsimaja.fi\/index.php\/wp-json\/wp\/v2\/pages\/140\/revisions\/205"}],"wp:featuredmedia":[{"embeddable":true,"href":"https:\/\/www.hirsimaja.fi\/index.php\/wp-json\/wp\/v2\/media\/195"}],"wp:attachment":[{"href":"https:\/\/www.hirsimaja.fi\/index.php\/wp-json\/wp\/v2\/media?parent=140"}],"curies":[{"name":"wp","href":"https:\/\/api.w.org\/{rel}","templated":true}]}}