{"id":23,"date":"2026-03-10T12:16:19","date_gmt":"2026-03-10T12:16:19","guid":{"rendered":"https:\/\/www.hirsimaja.fi\/?page_id=23"},"modified":"2026-03-24T15:11:12","modified_gmt":"2026-03-24T15:11:12","slug":"tietoja","status":"publish","type":"page","link":"https:\/\/www.hirsimaja.fi\/index.php\/tietoja\/","title":{"rendered":"Etusivu"},"content":{"rendered":"\n<p>Meilt\u00e4 l\u00f6yd\u00e4t aivan mahtavat puitteen ikimuistoisiin juhliisi. <br><br>Hirsimajalta l\u00f6ytyy mm. seuraavat puitteet:<br>Yksi sauna pukuhuoneineen<br>Hyvin varusteltu keitti\u00f6 ja ruokailutilat<br>100 hengen juhlasali valkokankaineen<br>Taulu-TV ja \u00e4\u00e4nentoistolaitteet<br>Terassi ja erillinen grillikota<br>Pihapiiriss\u00e4 l\u00e4ht\u00f6piste kuntopolulle ja jalkapallokentt\u00e4.<\/p>\n","protected":false},"excerpt":{"rendered":"<p>Meilt\u00e4 l\u00f6yd\u00e4t aivan mahtavat puitteen ikimuistoisiin juhliisi. Hirsimajalta l\u00f6ytyy mm. seuraavat puitteet:Yksi sauna pukuhuoneineenHyvin varusteltu keitti\u00f6 ja ruokailutilat100 hengen juhlasali valkokankaineenTaulu-TV ja \u00e4\u00e4nentoistolaitteetTerassi ja erillinen grillikotaPihapiiriss\u00e4 l\u00e4ht\u00f6piste kuntopolulle ja jalkapallokentt\u00e4.<\/p>\n","protected":false},"author":1,"featured_media":196,"parent":0,"menu_order":1,"comment_status":"closed","ping_status":"closed","template":"","meta":{"footnotes":""},"class_list":["post-23","page","type-page","status-publish","has-post-thumbnail","hentry"],"_links":{"self":[{"href":"https:\/\/www.hirsimaja.fi\/index.php\/wp-json\/wp\/v2\/pages\/23","targetHints":{"allow":["GET"]}}],"collection":[{"href":"https:\/\/www.hirsimaja.fi\/index.php\/wp-json\/wp\/v2\/pages"}],"about":[{"href":"https:\/\/www.hirsimaja.fi\/index.php\/wp-json\/wp\/v2\/types\/page"}],"author":[{"embeddable":true,"href":"https:\/\/www.hirsimaja.fi\/index.php\/wp-json\/wp\/v2\/users\/1"}],"replies":[{"embeddable":true,"href":"https:\/\/www.hirsimaja.fi\/index.php\/wp-json\/wp\/v2\/comments?post=23"}],"version-history":[{"count":11,"href":"https:\/\/www.hirsimaja.fi\/index.php\/wp-json\/wp\/v2\/pages\/23\/revisions"}],"predecessor-version":[{"id":214,"href":"https:\/\/www.hirsimaja.fi\/index.php\/wp-json\/wp\/v2\/pages\/23\/revisions\/214"}],"wp:featuredmedia":[{"embeddable":true,"href":"https:\/\/www.hirsimaja.fi\/index.php\/wp-json\/wp\/v2\/media\/196"}],"wp:attachment":[{"href":"https:\/\/www.hirsimaja.fi\/index.php\/wp-json\/wp\/v2\/media?parent=23"}],"curies":[{"name":"wp","href":"https:\/\/api.w.org\/{rel}","templated":true}]}}